{"id":205,"date":"2025-04-09T09:50:40","date_gmt":"2025-04-09T09:50:40","guid":{"rendered":"https:\/\/indian.centre.ubbcluj.ro\/?page_id=205"},"modified":"2026-03-02T12:17:54","modified_gmt":"2026-03-02T12:17:54","slug":"scientific-editorial-board","status":"publish","type":"page","link":"https:\/\/indian.centre.ubbcluj.ro\/?page_id=205","title":{"rendered":"Scientific \/ Editorial Board"},"content":{"rendered":"\t\t<div data-elementor-type=\"wp-page\" data-elementor-id=\"205\" class=\"elementor elementor-205\">\n\t\t\t\t<div class=\"elementor-element elementor-element-3526e6bb e-flex e-con-boxed e-con e-parent\" data-id=\"3526e6bb\" data-element_type=\"container\">\n\t\t\t\t\t<div class=\"e-con-inner\">\n\t\t\t\t<div class=\"elementor-element elementor-element-28273cee elementor-widget elementor-widget-text-editor\" data-id=\"28273cee\" data-element_type=\"widget\" data-widget_type=\"text-editor.default\">\n\t\t\t\t<div class=\"elementor-widget-container\">\n\t\t\t\t\t\t\t\t\t<p class=\"western\" align=\"justify\"><span style=\"color: #000000;\"><b>EDITOR-IN-CHIEF: <\/b><\/span><\/p><p><span style=\"color: #000000;\"><b>Mihaela GLIGOR<\/b>, <i>Cluj Center for Indian Studies<\/i>, Babe\u0219-Bolyai University Cluj-Napoca \/ The Romanian Academy, Cluj-Napoca, Romania<\/span><\/p><p><span style=\"color: #000000;\"><b>INTERNATIONAL ADVISORY BOARD:<\/b><\/span><\/p><p><span style=\"color: #000000;\"><b>Florin DELEANU<\/b>,<b> <\/b>International College for Postgraduate Buddhist Studies, Tokyo, Japan<\/span><\/p><p><span style=\"color: #000000;\"><b>Uma DASGUPTA<\/b>, Honorary Professor, University of Calcutta, India<\/span><\/p><p><span style=\"color: #000000;\"><b>Giovanni VERARDI<\/b>, Universit\u00e0 L\u2019Orientale of Naples, Italy<\/span><\/p><p><span style=\"color: #000000;\"><b>T.N. MADAN<\/b>, Honorary Professor, University of Delhi, New Delhi, India<\/span><\/p><p><span style=\"color: #000000;\"><b>Gavin FLOOD<\/b>, Oxford Centre for Hindu Studies, University of Oxford, U.K.<\/span><\/p><p><span style=\"color: #000000;\"><b>Radha CHAKRAVARTY<\/b>, Ambedkar University Delhi, India<\/span><\/p><p><span style=\"color: #000000;\"><b>Halina MARLEWICZ<\/b>, Inst. of Oriental Studies, Jagiellonian University, Krakow, Poland <\/span><\/p><p><span style=\"color: #000000;\"><b>Atashee CHATTERJEE SINHA<\/b>, Jadavpur University, Kolkata, India<\/span><\/p><p><span style=\"color: #000000;\"><b>Imre BANGHA<\/b>, Faculty of Asian and Middle Eastern Studies, University of Oxford, U.K.<\/span><\/p><p><span style=\"color: #000000;\"><b>Dhruv RAINA<\/b>, Zakir Husain Centre for Educational Studies (ZHCES), Jawaharlal Nehru University, New Delhi, India <\/span><\/p><p><span style=\"color: #000000;\"><b>P\u00e9ter-D\u00e1niel SZ\u00c1NT\u00d3<\/b>, Institute of East Asian Studies, ELTE Budapest, Hungary<\/span><\/p><p><span style=\"color: #000000;\"><b>SCIENTIFIC BOARD:<\/b><\/span><\/p><p><span style=\"color: #000000;\"><b>Horia Corneliu CICORTA\u0218<\/b>, University of Trento, Italy<\/span><\/p><p><span style=\"color: #000000;\"><b>Bhikkhun\u012b DHAMMADINN\u0100<\/b>, Dharma Drum Institute of Liberal Arts, Taiwan<\/span><\/p><p><span style=\"color: #000000;\"><b>Melanie BARBATO<\/b>, University of M\u00fcnster, Germany &amp; Oxford Centre for Hindu Studies, U.K.<\/span><\/p><p class=\"western\"><span style=\"color: #000000;\"><b>Praveen VERMA<\/b>, Sri Venkateswara College, University of Delhi, India<\/span><\/p><p class=\"western\"><span style=\"color: #000000;\"><b>Amelia BONEA<\/b>, Centre for the History of Science, Technology and Medicine, University of Manchester, U.K.<\/span><\/p><p><span style=\"color: #000000;\"><b>Om <\/b><b>Prakash<\/b><b> DWIVEDI<\/b>, Faculty of Humanities and Liberal Arts, Chandigarh University, India<\/span><\/p><p><span style=\"color: #000000;\"><span lang=\"fr-FR\"><b>Julieta ROTARU<\/b><\/span><span lang=\"fr-FR\">, <\/span><span lang=\"fr-FR\">Institut National des Langues et Civilisations Orientales (INALCO), Paris, France<\/span><\/span><\/p><p><span style=\"color: #000000;\"><span lang=\"fr-FR\"><b>Dezs\u0151 SZENKOVICS<\/b><\/span><span lang=\"fr-FR\">, Sapientia University, Cluj-Napoca, Romania<\/span><\/span><\/p><p><span style=\"color: #000000;\"><span lang=\"fr-FR\"><b>Pratyay NATH<\/b><\/span><span lang=\"fr-FR\">, Ashoka University, New Delhi, India<\/span><\/span><\/p><p><span style=\"color: #000000;\"><b>Ioan DURA<\/b>, Ovidius University, Constan\u021ba, Romania<\/span><\/p><p><span style=\"color: #000000;\"><b>EDITORIAL BOARD:<\/b><\/span><\/p><p><span style=\"color: #000000;\"><span lang=\"de-DE\"><b>Maria-Daniela POMOHACI<\/b><\/span><span lang=\"de-DE\">, Georg-August-Universit\u00e4t G\u00f6ttingen, Germany<\/span><\/span><\/p><p><span style=\"color: #000000;\"><b>Diana-Viorela BURLACU<\/b>, Babe\u0219-Bolyai University, Cluj-Napoca, Romania<\/span><\/p><p><span style=\"color: #000000;\"><b>Ovidiu Cristian NEDU<\/b>, Paul P\u0103lt\u0103nea History Museum Gala\u021bi \/ Bucharest University, Romania<\/span><\/p><p><span style=\"color: #000000;\"><b>Bogdan NEAGOTA<\/b>, Babe\u0219-Bolyai University, Cluj-Napoca, Romania<\/span><\/p><p><span style=\"color: #000000;\"><b>Hilda-Hedvig VARGA<\/b>, Independent Researcher<\/span><\/p><p><span style=\"color: #000000;\"><b>C\u0103t\u0103lina-Ioana PAVEL<\/b>, Georg-August-Universit\u00e4t G\u00f6ttingen, Germany<\/span><\/p><p><!-- \/wp:paragraph --><\/p>\t\t\t\t\t\t\t\t<\/div>\n\t\t\t\t<\/div>\n\t\t\t\t\t<\/div>\n\t\t\t\t<\/div>\n\t\t\t\t<\/div>\n\t\t","protected":false},"excerpt":{"rendered":"<p>EDITOR-IN-CHIEF: Mihaela GLIGOR, Cluj Center for Indian Studies, Babe\u0219-Bolyai University Cluj-Napoca \/ The Romanian Academy, Cluj-Napoca, Romania INTERNATIONAL ADVISORY BOARD: Florin DELEANU, International College for Postgraduate Buddhist Studies, Tokyo, Japan Uma DASGUPTA, Honorary Professor, University of Calcutta, India Giovanni VERARDI, Universit\u00e0 L\u2019Orientale of Naples, Italy T.N. MADAN, Honorary Professor, University of Delhi, New Delhi, India [&hellip;]<\/p>\n","protected":false},"author":1,"featured_media":0,"parent":0,"menu_order":0,"comment_status":"closed","ping_status":"closed","template":"","meta":{"footnotes":""},"class_list":["post-205","page","type-page","status-publish","hentry"],"_links":{"self":[{"href":"https:\/\/indian.centre.ubbcluj.ro\/index.php?rest_route=\/wp\/v2\/pages\/205","targetHints":{"allow":["GET"]}}],"collection":[{"href":"https:\/\/indian.centre.ubbcluj.ro\/index.php?rest_route=\/wp\/v2\/pages"}],"about":[{"href":"https:\/\/indian.centre.ubbcluj.ro\/index.php?rest_route=\/wp\/v2\/types\/page"}],"author":[{"embeddable":true,"href":"https:\/\/indian.centre.ubbcluj.ro\/index.php?rest_route=\/wp\/v2\/users\/1"}],"replies":[{"embeddable":true,"href":"https:\/\/indian.centre.ubbcluj.ro\/index.php?rest_route=%2Fwp%2Fv2%2Fcomments&post=205"}],"version-history":[{"count":16,"href":"https:\/\/indian.centre.ubbcluj.ro\/index.php?rest_route=\/wp\/v2\/pages\/205\/revisions"}],"predecessor-version":[{"id":397,"href":"https:\/\/indian.centre.ubbcluj.ro\/index.php?rest_route=\/wp\/v2\/pages\/205\/revisions\/397"}],"wp:attachment":[{"href":"https:\/\/indian.centre.ubbcluj.ro\/index.php?rest_route=%2Fwp%2Fv2%2Fmedia&parent=205"}],"curies":[{"name":"wp","href":"https:\/\/api.w.org\/{rel}","templated":true}]}}